{"id":2,"date":"2024-05-16T22:16:54","date_gmt":"2024-05-16T22:16:54","guid":{"rendered":"https:\/\/innovaphage.agrif.bg.ac.rs\/?page_id=2"},"modified":"2024-12-19T14:32:37","modified_gmt":"2024-12-19T14:32:37","slug":"sample-page","status":"publish","type":"page","link":"https:\/\/innovaphage.rs\/?page_id=2","title":{"rendered":"O Projektu"},"content":{"rendered":"<div data-colibri-id=\"2-c1\" class=\"style-354 style-local-2-c1 position-relative\">\n  <!---->\n  <div data-colibri-component=\"section\" data-colibri-id=\"2-c2\" id=\"initial-content\" class=\"h-section h-section-global-spacing d-flex align-items-lg-center align-items-md-center align-items-center style-355 style-local-2-c2 position-relative\">\n    <!---->\n    <!---->\n    <div class=\"h-section-grid-container h-section-boxed-container\">\n      <!---->\n      <div data-colibri-id=\"2-c3\" class=\"h-row-container gutters-row-lg-2 gutters-row-md-2 gutters-row-0 gutters-row-v-lg-2 gutters-row-v-md-2 gutters-row-v-2 style-356 style-local-2-c3 position-relative\">\n        <!---->\n        <div class=\"h-row justify-content-lg-center justify-content-md-center justify-content-center align-items-lg-stretch align-items-md-stretch align-items-stretch gutters-col-lg-2 gutters-col-md-2 gutters-col-0 gutters-col-v-lg-2 gutters-col-v-md-2 gutters-col-v-2\">\n          <!---->\n          <div class=\"h-column h-column-container d-flex h-col-lg-auto h-col-md-auto h-col-auto style-357-outer style-local-2-c4-outer\">\n            <div data-colibri-id=\"2-c4\" class=\"d-flex h-flex-basis h-column__inner h-px-lg-2 h-px-md-2 h-px-2 v-inner-lg-2 v-inner-md-2 v-inner-2 style-357 style-local-2-c4 position-relative\">\n              <!---->\n              <!---->\n              <div class=\"w-100 h-y-container h-column__content h-column__v-align flex-basis-100 align-self-lg-start align-self-md-start align-self-start\">\n                <!---->\n                <div data-colibri-id=\"2-c5\" class=\"d-block style-367 style-local-2-c5 position-relative h-element\">\n                  <!---->\n                  <div class=\"h-image__frame-container-outer\">\n                    <div class=\"h-image__frame-container\">\n                      <!---->\n                      <!---->\n                      <img loading=\"lazy\" decoding=\"async\" width=\"600\" height=\"621\" src=\"https:\/\/innovaphage.rs\/wp-content\/uploads\/2024\/06\/Kolaz1.jpg\" class=\"wp-image-932 style-367-image style-local-2-c5-image\" alt=\"\" \/>\n                      <div class=\"h-image__frame h-hide-lg h-hide-md h-hide-sm style-367-frameImage style-local-2-c5-frameImage\"><\/div>\n                    <\/div>\n                  <\/div>\n                <\/div>\n              <\/div>\n            <\/div>\n          <\/div>\n          <div class=\"h-column h-column-container d-flex h-col-lg-auto h-col-md-auto h-col-auto style-361-outer style-local-2-c6-outer\">\n            <div data-colibri-id=\"2-c6\" class=\"d-flex h-flex-basis h-column__inner h-px-lg-2 h-px-md-2 h-px-2 v-inner-lg-2 v-inner-md-2 v-inner-2 style-361 style-local-2-c6 position-relative\">\n              <!---->\n              <!---->\n              <div class=\"w-100 h-y-container h-column__content h-column__v-align flex-basis-100 align-self-lg-start align-self-md-start align-self-start\">\n                <!---->\n                <div data-colibri-id=\"2-c7\" class=\"h-text h-text-component style-364 style-local-2-c7 position-relative h-element\">\n                  <!---->\n                  <!---->\n                  <div class=\"\">\n                    <p>Bakteriozna plamenja\u010da jabuke, koju prouzrokuje bakterija <em>Erwinia amylovora<\/em>, je najzna\u010dajnija bakterioza ove vo\u0107ne vrste u svetu, i rasprostranjena je u preko 60 dr\u017eava \u0161irom planete, od toga preko 45 evropskih zemalja. Stoga,\n                      razvoj nove i efikasne strategije za kontrolu bakteriozne plamenja\u010de zasnovane na ekolo\u0161kim principima, nema samo lokalni, ve\u0107 i me\u0111unarodni zna\u010daj. Za\u0161tita biljaka od bolesti koje umanjuju prinos i skra\u0107uju im \u017eivotni vek, naj\u010de\u0161\u0107e\n                      se sprovodi upotrebom pesticida, \u0161to za posledicu mo\u017ee imati negativne efekte na korisne organizme, \u010doveka i \u017eivotnu sredinu.&nbsp;<\/p>\n                    <p>Podstaknuti ovom problematikom, grupa istra\u017eiva\u010da sa Instituta za za\u0161titu bilja i \u017eivotnu sredinu u Beogradu i Poljoprivrednog fakulteta Univerziteta u Beogradu, osmislila je nau\u010dnoistra\u017eiva\u010dki projekat pod nazivom: Innovative solutions\n                      in phage-mediated biocontrol of fire blight &#8211;<strong> <\/strong>&nbsp;InnovaPhage.<\/p>\n                    <p>\n                      <br>\n                    <\/p>\n                    <p><strong>InnovaPhage projekat bavi se razvojem efikasne i ekolo\u0161ki prihvatljive strategije za biolo\u0161ku za\u0161titu jabuke od bakterije <em>Erwinia amylovora<\/em>, prouzrokova\u010da jednog od najzna\u010dajnijih oboljenja jabu\u010dastih vo\u0107aka &#8211; bakteriozne plamenja\u010de.<\/strong><\/p>\n                    <p>\n                      <br>\n                    <\/p>\n                  <\/div>\n                <\/div>\n              <\/div>\n            <\/div>\n          <\/div>\n        <\/div>\n      <\/div>\n      <div data-colibri-id=\"2-c8\" class=\"h-row-container gutters-row-lg-0 gutters-row-md-0 gutters-row-0 gutters-row-v-lg-0 gutters-row-v-md-0 gutters-row-v-0 style-365 style-local-2-c8 position-relative\">\n        <!---->\n        <div class=\"h-row justify-content-lg-center justify-content-md-center justify-content-center align-items-lg-stretch align-items-md-stretch align-items-stretch gutters-col-lg-0 gutters-col-md-0 gutters-col-0 gutters-col-v-lg-0 gutters-col-v-md-0 gutters-col-v-0\">\n          <!---->\n          <div class=\"h-column h-column-container d-flex h-col-lg-auto h-col-md-auto h-col-auto style-366-outer style-local-2-c9-outer\">\n            <div data-colibri-id=\"2-c9\" class=\"d-flex h-flex-basis h-column__inner h-px-lg-1 h-px-md-1 h-px-1 v-inner-lg-1 v-inner-md-1 v-inner-1 style-366 style-local-2-c9 position-relative\">\n              <!---->\n              <!---->\n              <div class=\"w-100 h-y-container h-column__content h-column__v-align flex-basis-100 align-self-lg-start align-self-md-start align-self-start\">\n                <!---->\n                <div data-colibri-id=\"2-c10\" class=\"h-text h-text-component style-663 style-local-2-c10 position-relative h-element\">\n                  <!---->\n                  <!---->\n                  <div class=\"\">\n                    <p><span style=\"color: rgb(70, 112, 127); font-family: &quot;Open Sans&quot;; font-size: 16px; font-weight: 400;\">Ciljevi projekta su i) izolacija bakteriofaga, prirodno rasprostranjenih virusa u na\u0161em okru\u017eenju, njihova karakterizacija i odabir najefikasnijih i najbezbednijih sojeva po \u017eivotnu sredinu za kontrolu bakteriozne plamenja\u010de ii) formulisanje bakteriofaga u cilju pove\u0107anja njihove postojanosti u filosferi&nbsp;i kori\u0161\u0107enje tretmana faga u za\u0161titi jabuke u otvorenom polju,&nbsp;<\/span>iii)\n                      kori\u0161\u0107enje insekata i njihovih prirodnih nagona u cilju razno\u0161enja bakteriofaga specifi\u010dnih prema vrsti <em>E. amylovora<\/em>&#8220;.<\/p>\n                    <p>Direktnu korist \u0107e imati proizvo\u0111a\u010di u unapre\u0111enju za\u0161tite jabuke i ostvarivanju stabilnog, kvalitetnog prinosa, dok \u0107e se indirektno, primenom biolo\u0161ke za\u0161tite jabuke doprineti smanjenju upotrebe pesticida, o\u010duvanju \u017eivotne sredine\n                      i biodiverziteta, kao i zdravlja ljudi i drugih korisnih organizama. Razvojem ekolo\u0161ki prihvatljivog inovativnog tretmana biljaka biopesticidima doprine\u0107e se smanjenju jaza izme\u0111u nauke i dru\u0161tva, i istovremeno \u0107e se oja\u010dati poverenje\n                      izme\u0111u nau\u010dnika i potro\u0161a\u010da kao dela \u0161ire javnosti, \u0161to se \u010dini kao izuzetno osetljivo pitanje savremenog dru\u0161tva.<\/p>\n                    <p>\n                      <br>\n                    <\/p>\n                    <p>\n                      <br>\n                    <\/p>\n                  <\/div>\n                <\/div>\n              <\/div>\n            <\/div>\n          <\/div>\n        <\/div>\n      <\/div>\n    <\/div>\n  <\/div>\n<\/div>","protected":false},"excerpt":{"rendered":"<p>Bakteriozna plamenja\u010da jabuke, koju prouzrokuje bakterija Erwinia amylovora, je najzna\u010dajnija bakterioza ove vo\u0107ne vrste u svetu, i rasprostranjena je u preko 60 dr\u017eava \u0161irom planete, od toga preko 45 evropskih zemalja. Stoga, razvoj nove i efikasne strategije za kontrolu bakteriozne plamenja\u010de zasnovane na ekolo\u0161kim principima, nema samo lokalni, ve\u0107 i me\u0111unarodni zna\u010daj. Za\u0161tita biljaka od [&hellip;]<\/p>\n","protected":false},"author":1,"featured_media":0,"parent":0,"menu_order":0,"comment_status":"closed","ping_status":"closed","template":"page-templates\/full-width-page.php","meta":{"footnotes":""},"_links":{"self":[{"href":"https:\/\/innovaphage.rs\/index.php?rest_route=\/wp\/v2\/pages\/2"}],"collection":[{"href":"https:\/\/innovaphage.rs\/index.php?rest_route=\/wp\/v2\/pages"}],"about":[{"href":"https:\/\/innovaphage.rs\/index.php?rest_route=\/wp\/v2\/types\/page"}],"author":[{"embeddable":true,"href":"https:\/\/innovaphage.rs\/index.php?rest_route=\/wp\/v2\/users\/1"}],"replies":[{"embeddable":true,"href":"https:\/\/innovaphage.rs\/index.php?rest_route=%2Fwp%2Fv2%2Fcomments&post=2"}],"version-history":[{"count":20,"href":"https:\/\/innovaphage.rs\/index.php?rest_route=\/wp\/v2\/pages\/2\/revisions"}],"predecessor-version":[{"id":1485,"href":"https:\/\/innovaphage.rs\/index.php?rest_route=\/wp\/v2\/pages\/2\/revisions\/1485"}],"wp:attachment":[{"href":"https:\/\/innovaphage.rs\/index.php?rest_route=%2Fwp%2Fv2%2Fmedia&parent=2"}],"curies":[{"name":"wp","href":"https:\/\/api.w.org\/{rel}","templated":true}]}}